{"id":82834,"date":"2020-07-13T10:21:31","date_gmt":"2020-07-13T10:21:31","guid":{"rendered":"https:\/\/natasadangubic.com\/?page_id=82834"},"modified":"2020-07-13T10:28:23","modified_gmt":"2020-07-13T10:28:23","slug":"about-me","status":"publish","type":"page","link":"https:\/\/natasadangubic.com\/sr\/about-me\/","title":{"rendered":"O meni"},"content":{"rendered":"<div class=\"wpb-content-wrapper\"><div data-parent=\"true\" class=\"vc_row row-container\" id=\"row-unique-0\"><div class=\"row unequal double-top-padding double-bottom-padding single-h-padding limit-width row-parent\"><div class=\"wpb_row row-inner\"><div class=\"wpb_column pos-middle pos-center align_left column_parent col-lg-8 single-internal-gutter\"><div class=\"uncol style-light\"  ><div class=\"uncoltable\"><div class=\"uncell no-block-padding\" ><div class=\"uncont\" ><div class=\"uncode_text_column\" ><p>Ja sam Nata\u0161a i bavim se profesionalnom fotografijom hrane i proizvoda. Trenutno \u017eivim i radim u Novom Sadu.\nMoje interesovanje za fotografiju hrane zapo\u010delo je pre desetak godina i razvilo se iz ljubavi ka aran\u017eiranju i fotografisanju hrane koju sam pripremala za svoju porodicu i prijatelje u profesiju. Danas sara\u0111ujem sa drugim kreativnim pojedincima i restoranima u stvaranju jedinstvenih i privla\u010dnih slika hrane od kojih svako ogladni.<\/p>\n<p>Sa tehni\u010dke strane u stvaranju fotografija koristim Canon 5D Mark IV. Objektivi koje naj\u010de\u0161\u0107e koristim su Sigma 35mm f\/1.4 Art i Sigma 105mm f\/2.8 Macro.<\/p>\n<p class=\"translation-block\">Uvek sam raspolo\u017eena i otvorena za nove izazove i prilike za saradnju. Po\u0161aljite mi mejl ili upotrebite <a href=\"\/sr\/contact\/\" target=\"_self\">kontakt formu na sajtu<\/a> ukoliko \u017eelite da stvorimo ne\u0161to lepo zajedno.<\/p>\n<p>Radujem se saradnji na zajedni\u010dkom stvaranju!<\/p>\n<\/div><\/div><\/div><\/div><\/div><\/div><div class=\"wpb_column pos-top pos-center align_left column_parent col-lg-4 single-internal-gutter\"><div class=\"uncol style-light\"  ><div class=\"uncoltable\"><div class=\"uncell no-block-padding\" ><div class=\"uncont\" ><div class=\"uncode-single-media  text-center\"><div class=\"single-wrapper\" style=\"max-width: 100%;\"><div class=\"tmb tmb-light  img-circle tmb-media-first tmb-media-last tmb-content-overlay tmb-no-bg\"><div class=\"t-inside\"><div class=\"t-entry-visual\"><div class=\"t-entry-visual-tc\"><div class=\"uncode-single-media-wrapper img-circle\"><img decoding=\"async\" class=\"wp-image-82839 lazyload\" data-src=\"https:\/\/natasadangubic.com\/wp-content\/uploads\/2020\/07\/natasa-dangubic.jpg\" width=\"1066\" height=\"1066\" alt=\"\" data-srcset=\"https:\/\/natasadangubic.com\/wp-content\/uploads\/2020\/07\/natasa-dangubic.jpg 1066w, https:\/\/natasadangubic.com\/wp-content\/uploads\/2020\/07\/natasa-dangubic-300x300.jpg 300w, https:\/\/natasadangubic.com\/wp-content\/uploads\/2020\/07\/natasa-dangubic-1024x1024.jpg 1024w, https:\/\/natasadangubic.com\/wp-content\/uploads\/2020\/07\/natasa-dangubic-150x150.jpg 150w, https:\/\/natasadangubic.com\/wp-content\/uploads\/2020\/07\/natasa-dangubic-768x768.jpg 768w\" data-sizes=\"(max-width: 1066px) 100vw, 1066px\" src=\"data:image\/svg+xml;base64,PHN2ZyB3aWR0aD0iMSIgaGVpZ2h0PSIxIiB4bWxucz0iaHR0cDovL3d3dy53My5vcmcvMjAwMC9zdmciPjwvc3ZnPg==\" style=\"--smush-placeholder-width: 1066px; --smush-placeholder-aspect-ratio: 1066\/1066;\" \/><\/div>\n\t\t\t\t\t<\/div>\n\t\t\t\t<\/div><\/div><\/div><\/div><\/div><\/div><\/div><\/div><\/div><\/div><script id=\"script-row-unique-0\" data-row=\"script-row-unique-0\" type=\"text\/javascript\" class=\"vc_controls\">UNCODE.initRow(document.getElementById(\"row-unique-0\"));<\/script><\/div><\/div><\/div>\n<\/div>","protected":false},"excerpt":{"rendered":"My name is Natasa and I am a professional food and product photographer based in Novi Sad, Serbia. My interest [...]","protected":false},"author":1,"featured_media":0,"parent":0,"menu_order":0,"comment_status":"closed","ping_status":"closed","template":"","meta":{"_monsterinsights_skip_tracking":false,"_monsterinsights_sitenote_active":false,"_monsterinsights_sitenote_note":"","_monsterinsights_sitenote_category":0,"footnotes":""},"class_list":["post-82834","page","type-page","status-publish","hentry"],"jetpack_sharing_enabled":true,"_links":{"self":[{"href":"https:\/\/natasadangubic.com\/sr\/wp-json\/wp\/v2\/pages\/82834","targetHints":{"allow":["GET"]}}],"collection":[{"href":"https:\/\/natasadangubic.com\/sr\/wp-json\/wp\/v2\/pages"}],"about":[{"href":"https:\/\/natasadangubic.com\/sr\/wp-json\/wp\/v2\/types\/page"}],"author":[{"embeddable":true,"href":"https:\/\/natasadangubic.com\/sr\/wp-json\/wp\/v2\/users\/1"}],"replies":[{"embeddable":true,"href":"https:\/\/natasadangubic.com\/sr\/wp-json\/wp\/v2\/comments?post=82834"}],"version-history":[{"count":5,"href":"https:\/\/natasadangubic.com\/sr\/wp-json\/wp\/v2\/pages\/82834\/revisions"}],"predecessor-version":[{"id":82841,"href":"https:\/\/natasadangubic.com\/sr\/wp-json\/wp\/v2\/pages\/82834\/revisions\/82841"}],"wp:attachment":[{"href":"https:\/\/natasadangubic.com\/sr\/wp-json\/wp\/v2\/media?parent=82834"}],"curies":[{"name":"wp","href":"https:\/\/api.w.org\/{rel}","templated":true}]}}